{"id":210541,"date":"2020-02-13T16:33:22","date_gmt":"2020-02-13T16:33:22","guid":{"rendered":"https:\/\/comfort-lift.hu\/web\/?page_id=210541"},"modified":"2020-05-07T08:55:06","modified_gmt":"2020-05-07T08:55:06","slug":"kereskedelem","status":"publish","type":"page","link":"https:\/\/comfort-lift.hu\/web\/kereskedelem\/","title":{"rendered":"Kereskedelem"},"content":{"rendered":"<p>[et_pb_section fb_built=&#8221;1&#8243; _builder_version=&#8221;3.22.3&#8243; custom_padding=&#8221;54px|0px|0|0px|false|false&#8221;][et_pb_row column_structure=&#8221;1_3,1_3,1_3&#8243; _builder_version=&#8221;3.25&#8243; custom_padding=&#8221;7px|0px|6px|0px|false|false&#8221;][et_pb_column type=&#8221;1_3&#8243; _builder_version=&#8221;3.25&#8243; custom_padding=&#8221;|||&#8221; custom_padding__hover=&#8221;|||&#8221;][\/et_pb_column][et_pb_column type=&#8221;1_3&#8243; _builder_version=&#8221;3.25&#8243; custom_padding=&#8221;|||&#8221; custom_padding__hover=&#8221;|||&#8221;][et_pb_button button_url=&#8221;https:\/\/comfortlift.hu\/our\/index.html&#8221; button_text=&#8221;Karbantart\u00e1s&#8221; button_alignment=&#8221;center&#8221; _builder_version=&#8221;3.19.9&#8243; custom_button=&#8221;on&#8221; button_text_color=&#8221;#e09900&#8243; button_font=&#8221;||||||||&#8221; button_icon=&#8221;%%2%%&#8221; button_icon_placement=&#8221;left&#8221; button_on_hover=&#8221;off&#8221;][\/et_pb_button][\/et_pb_column][et_pb_column type=&#8221;1_3&#8243; _builder_version=&#8221;3.25&#8243; custom_padding=&#8221;|||&#8221; custom_padding__hover=&#8221;|||&#8221;][\/et_pb_column][\/et_pb_row][et_pb_row column_structure=&#8221;1_4,1_4,1_4,1_4&#8243; _builder_version=&#8221;4.1&#8243;][et_pb_column type=&#8221;1_4&#8243; _builder_version=&#8221;4.1&#8243;][et_pb_circle_counter title=&#8221;Kis Kriszti\u00e1n &#8211; Majdnem komplett lift&#8221; _builder_version=&#8221;4.3.2&#8243; _dynamic_attributes=&#8221;link_option_url&#8221; title_font=&#8221;Arial|||||on|||&#8221; title_font_size=&#8221;20px&#8221; number_font=&#8221;||||||||&#8221; number_font_size=&#8221;27px&#8221; max_width=&#8221;120px&#8221; link_option_url=&#8221;@ET-DC@eyJkeW5hbWljIjp0cnVlLCJjb250ZW50IjoicG9zdF9saW5rX3VybF9wYWdlIiwic2V0dGluZ3MiOnsicG9zdF9pZCI6IjIxMDU0OCJ9fQ==@&#8221;][\/et_pb_circle_counter][et_pb_text _builder_version=&#8221;4.3.2&#8243; _dynamic_attributes=&#8221;link_option_url&#8221; custom_margin=&#8221;-24px||&#8221; link_option_url=&#8221;@ET-DC@eyJkeW5hbWljIjp0cnVlLCJjb250ZW50IjoicG9zdF9saW5rX3VybF9wYWdlIiwic2V0dGluZ3MiOnsicG9zdF9pZCI6IjIxMDU0OCJ9fQ==@&#8221;]<\/p>\n<p style=\"text-align: center;\">K\u00e1roli G\u00e1sp\u00e1r t\u00e9r 2.<\/p>\n<p style=\"text-align: center;\">[\/et_pb_text][\/et_pb_column][et_pb_column type=&#8221;1_4&#8243; _builder_version=&#8221;4.1&#8243;][\/et_pb_column][et_pb_column type=&#8221;1_4&#8243; _builder_version=&#8221;4.1&#8243;][\/et_pb_column][et_pb_column type=&#8221;1_4&#8243; _builder_version=&#8221;4.1&#8243;][\/et_pb_column][\/et_pb_row][et_pb_row _builder_version=&#8221;4.3.2&#8243;][et_pb_column type=&#8221;4_4&#8243; _builder_version=&#8221;4.3.2&#8243;][et_pb_text _builder_version=&#8221;4.3.2&#8243;]<\/p>\n<p><span style=\"text-decoration: underline;\"><strong>MABALIFT<\/strong> <strong>A3\/162:<\/strong><\/span>\u00a0Be\u00e9rkezett, \u00e1tvehet\u0151! K\u00e9t szett UCM + 2 p\u00e1r Schindler adapterlemez. Ha elviszik: <a href=\"https:\/\/www.szamlazz.hu\/szamla\/?action=szamlapdf&amp;pdfgenmode=7&amp;szfej_id=90909417\" onclick=\"event.stopPropagation(); window.open(this.href,'','toolbar=0,scrollbars=1,location=0,statusbar=0,menubar=0,resizable=1,width=900,height=600,left=100,top=100'); return false;\" title=\"megn\u00e9zem az el\u0151legsz\u00e1ml\u00e1t PDF-k\u00e9nt\"><span class=\"far fa-eye\"><\/span>CL-2020-390<\/a>\u00a0sz\u00e1ml\u00e1b\u00f3l v\u00e9gsz\u00e1ml\u00e1t csin\u00e1lni, linken teljes\u00edt\u00e9srt \u00e1t\u00e1ll\u00edtani! <a href=\"https:\/\/sw.marketingszoftverek.hu\/t\/m\/s\/28358\/48219\/162\/0\/WZEdqmbGgm1pD0bUAb2KN2Czcuk56UO4I1Kudc3PVU7hs7P5en1583256903\">LINK &#8211;&gt;<\/a><\/p>\n<p><span><strong>KML Liftszerviz<\/strong> <strong>A3\/167:<\/strong><\/span>\u00a0V\u00e1llalt hat\u00e1rid\u0151: 2020-06-05. UCM szett + 1 p\u00e1r Schindler adapterlemez. Adapterlemezt webshop-b\u00f3l sz\u00e1m\u00e1zni #7306. Ha elviszik v\u00e9gsz\u00e1ml\u00e1t k\u00e9sz\u00edteni. 40%-os el\u0151legsz\u00e1mla:\u00a0<a href=\"https:\/\/www.szamlazz.hu\/szamla\/?action=szamlapdf&amp;pdfgenmode=7&amp;szfej_id=94543817\" onclick=\"event.stopPropagation(); window.open(this.href,'','toolbar=0,scrollbars=1,location=0,statusbar=0,menubar=0,resizable=1,width=900,height=600,left=100,top=100'); return false;\" title=\"megn\u00e9zem a sz\u00e1ml\u00e1t PDF-k\u00e9nt\"><span class=\"far fa-eye\"><\/span>CL-2020-532<\/a>, linken teljes\u00edt\u00e9st \u00e1t\u00e1ll\u00edtani! <a href=\"http:\/\/mmtrack.emesz.com\/t\/m\/s\/28358\/48219\/167\/0\/3TbTWOjDX3Y3Ve3HSyzlWzdssoPfTthbNxaQoaOpa7zZQuDhHY1588056026\">LINK &#8211;&gt;<\/a><\/p>\n<p>[\/et_pb_text][\/et_pb_column][\/et_pb_row][\/et_pb_section]<\/p>\n","protected":false},"excerpt":{"rendered":"<p>K\u00e1roli G\u00e1sp\u00e1r t\u00e9r 2. MABALIFT A3\/162:\u00a0Be\u00e9rkezett, \u00e1tvehet\u0151! K\u00e9t szett UCM + 2 p\u00e1r Schindler adapterlemez. Ha elviszik: CL-2020-390\u00a0sz\u00e1ml\u00e1b\u00f3l v\u00e9gsz\u00e1ml\u00e1t csin\u00e1lni, linken teljes\u00edt\u00e9srt \u00e1t\u00e1ll\u00edtani! LINK &#8211;&gt; KML Liftszerviz A3\/167:\u00a0V\u00e1llalt hat\u00e1rid\u0151: 2020-06-05. UCM szett + 1 p\u00e1r Schindler adapterlemez. Adapterlemezt webshop-b\u00f3l sz\u00e1m\u00e1zni #7306. Ha elviszik v\u00e9gsz\u00e1ml\u00e1t k\u00e9sz\u00edteni. 40%-os el\u0151legsz\u00e1mla:\u00a0CL-2020-532, linken teljes\u00edt\u00e9st \u00e1t\u00e1ll\u00edtani! LINK &#8211;&gt;<\/p>\n","protected":false},"author":1,"featured_media":0,"parent":0,"menu_order":0,"comment_status":"closed","ping_status":"closed","template":"page-template-blank.php","meta":{"_et_pb_use_builder":"on","_et_pb_old_content":"<p>[et_pb_section bb_built=\"1\"][et_pb_row][\/et_pb_row][\/et_pb_section]<\/p>","_et_gb_content_width":"","footnotes":""},"class_list":["post-210541","page","type-page","status-publish","hentry"],"yoast_head":"<!-- This site is optimized with the Yoast SEO plugin v27.4 - https:\/\/yoast.com\/product\/yoast-seo-wordpress\/ -->\n<title>Kereskedelem - Comfort-Lift.hu<\/title>\n<meta name=\"robots\" content=\"noindex, follow, max-snippet:-1, max-image-preview:large, max-video-preview:-1\" \/>\n<meta property=\"og:locale\" content=\"hu_HU\" \/>\n<meta property=\"og:type\" content=\"article\" \/>\n<meta property=\"og:title\" content=\"Kereskedelem - Comfort-Lift.hu\" \/>\n<meta property=\"og:description\" content=\"K\u00e1roli G\u00e1sp\u00e1r t\u00e9r 2. MABALIFT A3\/162:\u00a0Be\u00e9rkezett, \u00e1tvehet\u0151! K\u00e9t szett UCM + 2 p\u00e1r Schindler adapterlemez. Ha elviszik: CL-2020-390\u00a0sz\u00e1ml\u00e1b\u00f3l v\u00e9gsz\u00e1ml\u00e1t csin\u00e1lni, linken teljes\u00edt\u00e9srt \u00e1t\u00e1ll\u00edtani! LINK --&gt; KML Liftszerviz A3\/167:\u00a0V\u00e1llalt hat\u00e1rid\u0151: 2020-06-05. UCM szett + 1 p\u00e1r Schindler adapterlemez. Adapterlemezt webshop-b\u00f3l sz\u00e1m\u00e1zni #7306. Ha elviszik v\u00e9gsz\u00e1ml\u00e1t k\u00e9sz\u00edteni. 40%-os el\u0151legsz\u00e1mla:\u00a0CL-2020-532, linken teljes\u00edt\u00e9st \u00e1t\u00e1ll\u00edtani! LINK --&gt;\" \/>\n<meta property=\"og:url\" content=\"https:\/\/comfort-lift.hu\/web\/kereskedelem\/\" \/>\n<meta property=\"og:site_name\" content=\"Comfort-Lift.hu\" \/>\n<meta property=\"article:modified_time\" content=\"2020-05-07T08:55:06+00:00\" \/>\n<meta name=\"twitter:card\" content=\"summary_large_image\" \/>\n<meta name=\"twitter:label1\" content=\"Becs\u00fclt olvas\u00e1si id\u0151\" \/>\n\t<meta name=\"twitter:data1\" content=\"2 perc\" \/>\n<script type=\"application\/ld+json\" class=\"yoast-schema-graph\">{\"@context\":\"https:\\\/\\\/schema.org\",\"@graph\":[{\"@type\":\"WebPage\",\"@id\":\"https:\\\/\\\/comfort-lift.hu\\\/web\\\/kereskedelem\\\/\",\"url\":\"https:\\\/\\\/comfort-lift.hu\\\/web\\\/kereskedelem\\\/\",\"name\":\"Kereskedelem - Comfort-Lift.hu\",\"isPartOf\":{\"@id\":\"https:\\\/\\\/comfort-lift.hu\\\/web\\\/#website\"},\"datePublished\":\"2020-02-13T16:33:22+00:00\",\"dateModified\":\"2020-05-07T08:55:06+00:00\",\"breadcrumb\":{\"@id\":\"https:\\\/\\\/comfort-lift.hu\\\/web\\\/kereskedelem\\\/#breadcrumb\"},\"inLanguage\":\"hu\",\"potentialAction\":[{\"@type\":\"ReadAction\",\"target\":[\"https:\\\/\\\/comfort-lift.hu\\\/web\\\/kereskedelem\\\/\"]}]},{\"@type\":\"BreadcrumbList\",\"@id\":\"https:\\\/\\\/comfort-lift.hu\\\/web\\\/kereskedelem\\\/#breadcrumb\",\"itemListElement\":[{\"@type\":\"ListItem\",\"position\":1,\"name\":\"Home\",\"item\":\"https:\\\/\\\/comfort-lift.hu\\\/web\\\/\"},{\"@type\":\"ListItem\",\"position\":2,\"name\":\"Kereskedelem\"}]},{\"@type\":\"WebSite\",\"@id\":\"https:\\\/\\\/comfort-lift.hu\\\/web\\\/#website\",\"url\":\"https:\\\/\\\/comfort-lift.hu\\\/web\\\/\",\"name\":\"Comfort-Lift.hu\",\"description\":\"Comfort-Lift.hu\",\"potentialAction\":[{\"@type\":\"SearchAction\",\"target\":{\"@type\":\"EntryPoint\",\"urlTemplate\":\"https:\\\/\\\/comfort-lift.hu\\\/web\\\/?s={search_term_string}\"},\"query-input\":{\"@type\":\"PropertyValueSpecification\",\"valueRequired\":true,\"valueName\":\"search_term_string\"}}],\"inLanguage\":\"hu\"}]}<\/script>\n<!-- \/ Yoast SEO plugin. -->","yoast_head_json":{"title":"Kereskedelem - Comfort-Lift.hu","robots":{"index":"noindex","follow":"follow","max-snippet":"max-snippet:-1","max-image-preview":"max-image-preview:large","max-video-preview":"max-video-preview:-1"},"og_locale":"hu_HU","og_type":"article","og_title":"Kereskedelem - Comfort-Lift.hu","og_description":"K\u00e1roli G\u00e1sp\u00e1r t\u00e9r 2. MABALIFT A3\/162:\u00a0Be\u00e9rkezett, \u00e1tvehet\u0151! K\u00e9t szett UCM + 2 p\u00e1r Schindler adapterlemez. Ha elviszik: CL-2020-390\u00a0sz\u00e1ml\u00e1b\u00f3l v\u00e9gsz\u00e1ml\u00e1t csin\u00e1lni, linken teljes\u00edt\u00e9srt \u00e1t\u00e1ll\u00edtani! LINK --&gt; KML Liftszerviz A3\/167:\u00a0V\u00e1llalt hat\u00e1rid\u0151: 2020-06-05. UCM szett + 1 p\u00e1r Schindler adapterlemez. Adapterlemezt webshop-b\u00f3l sz\u00e1m\u00e1zni #7306. Ha elviszik v\u00e9gsz\u00e1ml\u00e1t k\u00e9sz\u00edteni. 40%-os el\u0151legsz\u00e1mla:\u00a0CL-2020-532, linken teljes\u00edt\u00e9st \u00e1t\u00e1ll\u00edtani! LINK --&gt;","og_url":"https:\/\/comfort-lift.hu\/web\/kereskedelem\/","og_site_name":"Comfort-Lift.hu","article_modified_time":"2020-05-07T08:55:06+00:00","twitter_card":"summary_large_image","twitter_misc":{"Becs\u00fclt olvas\u00e1si id\u0151":"2 perc"},"schema":{"@context":"https:\/\/schema.org","@graph":[{"@type":"WebPage","@id":"https:\/\/comfort-lift.hu\/web\/kereskedelem\/","url":"https:\/\/comfort-lift.hu\/web\/kereskedelem\/","name":"Kereskedelem - Comfort-Lift.hu","isPartOf":{"@id":"https:\/\/comfort-lift.hu\/web\/#website"},"datePublished":"2020-02-13T16:33:22+00:00","dateModified":"2020-05-07T08:55:06+00:00","breadcrumb":{"@id":"https:\/\/comfort-lift.hu\/web\/kereskedelem\/#breadcrumb"},"inLanguage":"hu","potentialAction":[{"@type":"ReadAction","target":["https:\/\/comfort-lift.hu\/web\/kereskedelem\/"]}]},{"@type":"BreadcrumbList","@id":"https:\/\/comfort-lift.hu\/web\/kereskedelem\/#breadcrumb","itemListElement":[{"@type":"ListItem","position":1,"name":"Home","item":"https:\/\/comfort-lift.hu\/web\/"},{"@type":"ListItem","position":2,"name":"Kereskedelem"}]},{"@type":"WebSite","@id":"https:\/\/comfort-lift.hu\/web\/#website","url":"https:\/\/comfort-lift.hu\/web\/","name":"Comfort-Lift.hu","description":"Comfort-Lift.hu","potentialAction":[{"@type":"SearchAction","target":{"@type":"EntryPoint","urlTemplate":"https:\/\/comfort-lift.hu\/web\/?s={search_term_string}"},"query-input":{"@type":"PropertyValueSpecification","valueRequired":true,"valueName":"search_term_string"}}],"inLanguage":"hu"}]}},"_links":{"self":[{"href":"https:\/\/comfort-lift.hu\/web\/wp-json\/wp\/v2\/pages\/210541","targetHints":{"allow":["GET"]}}],"collection":[{"href":"https:\/\/comfort-lift.hu\/web\/wp-json\/wp\/v2\/pages"}],"about":[{"href":"https:\/\/comfort-lift.hu\/web\/wp-json\/wp\/v2\/types\/page"}],"author":[{"embeddable":true,"href":"https:\/\/comfort-lift.hu\/web\/wp-json\/wp\/v2\/users\/1"}],"replies":[{"embeddable":true,"href":"https:\/\/comfort-lift.hu\/web\/wp-json\/wp\/v2\/comments?post=210541"}],"version-history":[{"count":38,"href":"https:\/\/comfort-lift.hu\/web\/wp-json\/wp\/v2\/pages\/210541\/revisions"}],"predecessor-version":[{"id":210893,"href":"https:\/\/comfort-lift.hu\/web\/wp-json\/wp\/v2\/pages\/210541\/revisions\/210893"}],"wp:attachment":[{"href":"https:\/\/comfort-lift.hu\/web\/wp-json\/wp\/v2\/media?parent=210541"}],"curies":[{"name":"wp","href":"https:\/\/api.w.org\/{rel}","templated":true}]}}